{"id":43,"date":"2018-12-08T16:47:57","date_gmt":"2018-12-08T16:47:57","guid":{"rendered":"http:\/\/eldritsch.de\/?page_id=43"},"modified":"2019-09-16T10:14:27","modified_gmt":"2019-09-16T10:14:27","slug":"youtube","status":"publish","type":"page","link":"http:\/\/eldritsch.de\/?page_id=43","title":{"rendered":"Youtube"},"content":{"rendered":"<p style=\"text-align: center;\"><strong>#eldritsch<\/strong><\/p>\n<p><img loading=\"lazy\" decoding=\"async\" class=\"wp-image-66 aligncenter\" src=\"http:\/\/eldritsch.de\/wp-content\/uploads\/2018\/09\/youtube-Avatar-300x300.jpg\" alt=\"\" width=\"191\" height=\"191\" srcset=\"http:\/\/eldritsch.de\/wp-content\/uploads\/2018\/09\/youtube-Avatar-300x300.jpg 300w, http:\/\/eldritsch.de\/wp-content\/uploads\/2018\/09\/youtube-Avatar-150x150.jpg 150w, http:\/\/eldritsch.de\/wp-content\/uploads\/2018\/09\/youtube-Avatar-768x769.jpg 768w, http:\/\/eldritsch.de\/wp-content\/uploads\/2018\/09\/youtube-Avatar.jpg 803w\" sizes=\"auto, (max-width: 191px) 100vw, 191px\" \/><\/p>\n<p>Hier erwartet dich ein Kessel Buntes!<\/p>\n<p>St\u00fcmperhafte Let&#8217;s Plays liebevoll stotternd vorgetragen. Hauptaugenmerk: Spiele aus Omis guter alter Zeit, als der Computer noch mit Dinoantrieb lief. Da bleibt mir nur noch eins zu sagen. Bon App\u00e9tit und Prostata!<\/p>\n<p><a href=\"https:\/\/www.youtube.com\/channel\/UCZWl5LqpK4yqbz-NH1-3XdQ\/featured?disable_polymer=true\">Hier geht&#8217;s zum Kanal<\/a><\/p>\n<div id=\"attachment_71\" style=\"width: 680px\" class=\"wp-caption aligncenter\"><img loading=\"lazy\" decoding=\"async\" aria-describedby=\"caption-attachment-71\" class=\"wp-image-71\" src=\"http:\/\/eldritsch.de\/wp-content\/uploads\/2018\/09\/Banner-Kopie-300x169.jpg\" alt=\"\" width=\"670\" height=\"377\" srcset=\"http:\/\/eldritsch.de\/wp-content\/uploads\/2018\/09\/Banner-Kopie-300x169.jpg 300w, http:\/\/eldritsch.de\/wp-content\/uploads\/2018\/09\/Banner-Kopie-768x432.jpg 768w, http:\/\/eldritsch.de\/wp-content\/uploads\/2018\/09\/Banner-Kopie-1024x576.jpg 1024w, http:\/\/eldritsch.de\/wp-content\/uploads\/2018\/09\/Banner-Kopie-1140x641.jpg 1140w, http:\/\/eldritsch.de\/wp-content\/uploads\/2018\/09\/Banner-Kopie.jpg 2048w\" sizes=\"auto, (max-width: 670px) 100vw, 670px\" \/><p id=\"caption-attachment-71\" class=\"wp-caption-text\">Banner der Youtubeseite<\/p><\/div>\n<p>Aktuelles Let&#8217;s Play:<\/p>\n<p><strong>The Longest Journey<\/strong><\/p>\n<p><img loading=\"lazy\" decoding=\"async\" class=\"size-medium wp-image-202 alignleft\" src=\"http:\/\/eldritsch.de\/wp-content\/uploads\/2019\/09\/the-longest-journey-300x300.jpg\" alt=\"\" width=\"300\" height=\"300\" srcset=\"http:\/\/eldritsch.de\/wp-content\/uploads\/2019\/09\/the-longest-journey-300x300.jpg 300w, http:\/\/eldritsch.de\/wp-content\/uploads\/2019\/09\/the-longest-journey-150x150.jpg 150w, http:\/\/eldritsch.de\/wp-content\/uploads\/2019\/09\/the-longest-journey.jpg 650w\" sizes=\"auto, (max-width: 300px) 100vw, 300px\" \/><\/p>\n<p>The Longest Journey ist eine Adventurereihe des norwegischen Game Designers Ragnar T\u00f8rnquist. Sie setzt sich zusammen aus den Titeln The Longest Journey, Dreamfall: The Longest Journey und Dreamfall Chapters. Die beiden ersten Teile wurden vom Studio und Publisher Funcom entwickelt, der dritte Teil von T\u00f8rnquists eigener Firma Red Thread Games.<\/p>\n<p>In der Welt des Jahres 2209 schl\u00fcpft der Spieler in die Rolle der jungen April Ryan. Diese ist gerade nach Newport gezogen, eine (fiktive) Gro\u00dfstadt an der Westk\u00fcste Nordamerikas, um dort ein Kunststudium zu beginnen.<\/p>\n<p>In der Vorbereitungszeit zu Aprils Aufnahmepr\u00fcfung \u00fcberschlagen sich die Ereignisse, als sich herausstellt, dass ihre Tr\u00e4ume und ihr Empfinden der Wirklichkeit drohen, ineinander \u00fcberzugehen. Erlebnisse aus der Traumwelt manifestieren sich mit zunehmender H\u00e4ufigkeit und Tragweite in der Realit\u00e4t und schlagen Wellen in Aprils Umfeld.<\/p>\n<p>Angeleitet durch den exzentrisch anmutenden, alternden Latino Cortez erlangt April Kenntnis \u00fcber die Ursache der Schwankungen, begibt sich auf eine Reise durch vergessen geglaubte Welten und wird sich langsam ihrer eigenen Pers\u00f6nlichkeit sowie ihrer Rolle im Kosmos bewusst.<\/p>\n<p><strong>Ich kann dieses kreative und phantasiereiche Spiel jedem w\u00e4rmstens empfehlen \ud83d\ude09<\/strong><\/p>\n<p>Aktuelle Folge:<\/p>\n<p><iframe loading=\"lazy\" title=\"The Longest Journey:  Das komische Date mit Cortez #3\" width=\"1170\" height=\"658\" src=\"https:\/\/www.youtube.com\/embed\/T-nsyjHnMkg?feature=oembed\" frameborder=\"0\" allow=\"accelerometer; autoplay; encrypted-media; gyroscope; picture-in-picture\" allowfullscreen><\/iframe><\/p>\n<p>Vorheriges Let&#8217;s Play:<\/p>\n<p><strong>ZanZarah &#8211; Das verborgene Portal<\/strong><\/p>\n<p><img loading=\"lazy\" decoding=\"async\" class=\"size-medium wp-image-76 alignleft\" src=\"http:\/\/eldritsch.de\/wp-content\/uploads\/2018\/09\/zanzarah-1-300x154.jpg\" alt=\"\" width=\"300\" height=\"154\" srcset=\"http:\/\/eldritsch.de\/wp-content\/uploads\/2018\/09\/zanzarah-1-300x154.jpg 300w, http:\/\/eldritsch.de\/wp-content\/uploads\/2018\/09\/zanzarah-1-768x394.jpg 768w, http:\/\/eldritsch.de\/wp-content\/uploads\/2018\/09\/zanzarah-1.jpg 952w\" sizes=\"auto, (max-width: 300px) 100vw, 300px\" \/>Zanzarah \u2013 Das verborgene Portal ist ein Computerspiel, das dem Genre Action-Adventure zugeordnet wird und von dem Oberhausener Unternehmen Funatics Development entwickelt wurde.<\/p>\n<p>Man spielt darin das 18-j\u00e4hrige Londoner M\u00e4dchen Amy, die mit Hilfe einer magischen Teleportationsrune in das Land Zanzarah gelangt. Dabei handelt es sich um eine parallele Welt, die als Zufluchtsort f\u00fcr die magischen Wesen unserer eigenen Welt dient, seit diese im Rahmen der Inquisition vertrieben wurden.<\/p>\n<p>W\u00e4hrend die Einwohner von Zanzarah mithilfe ihrer Magie zwischen den Welten wechseln k\u00f6nnen, ist dies f\u00fcr Menschen eigentlich nicht m\u00f6glich. Amy wird nun als Teil einer alten Prophezeiung gesehen, die besagt, dass ein Besucher aus der Welt der Menschen die verlorene Balance zwischen den beiden Welten wiederherstellen wird, und den Einfluss der dunklen Elfen zur\u00fcckdr\u00e4ngt.<\/p>\n<p><strong><em>Kurz gesagt, man kloppt sich mithilfe der Feen durch die Heerscharen des B\u00f6sen \ud83d\ude42<\/em><\/strong><\/p>\n<p>Folge 12:<\/p>\n<p><iframe loading=\"lazy\" title=\"Zanzarah: In der Pilzgrotte #12\" width=\"1170\" height=\"658\" src=\"https:\/\/www.youtube.com\/embed\/68ZkbTny7zQ?feature=oembed\" frameborder=\"0\" allow=\"accelerometer; autoplay; encrypted-media; gyroscope; picture-in-picture\" allowfullscreen><\/iframe><\/p>\n<p><strong>Beendete Spiele:<\/strong><\/p>\n<div id=\"attachment_83\" style=\"width: 165px\" class=\"wp-caption alignleft\"><img loading=\"lazy\" decoding=\"async\" aria-describedby=\"caption-attachment-83\" class=\"wp-image-83\" src=\"http:\/\/eldritsch.de\/wp-content\/uploads\/2018\/09\/205.jpeg\" alt=\"\" width=\"155\" height=\"217\" \/><p id=\"caption-attachment-83\" class=\"wp-caption-text\"><a href=\"https:\/\/www.youtube.com\/playlist?list=PLpLsg8ptwnPgX4bIKNYWLeT1Nc8nYqPLq\">Harry Potter und der Stein der Weisen<\/a><\/p><\/div>\n<div id=\"attachment_85\" style=\"width: 168px\" class=\"wp-caption alignnone\"><img loading=\"lazy\" decoding=\"async\" aria-describedby=\"caption-attachment-85\" class=\"wp-image-85\" src=\"http:\/\/eldritsch.de\/wp-content\/uploads\/2018\/09\/5187RDD18FL._SY445_-212x300.jpg\" alt=\"\" width=\"158\" height=\"223\" srcset=\"http:\/\/eldritsch.de\/wp-content\/uploads\/2018\/09\/5187RDD18FL._SY445_-212x300.jpg 212w, http:\/\/eldritsch.de\/wp-content\/uploads\/2018\/09\/5187RDD18FL._SY445_.jpg 315w\" sizes=\"auto, (max-width: 158px) 100vw, 158px\" \/><p id=\"caption-attachment-85\" class=\"wp-caption-text\"><a href=\"https:\/\/www.youtube.com\/playlist?list=PLpLsg8ptwnPgyldNfpL2VOvUlnrs4hJv4\">Harry Potter und die Kammer des Schreckens<\/a><\/p><\/div>\n<div id=\"attachment_87\" style=\"width: 185px\" class=\"wp-caption alignnone\"><img loading=\"lazy\" decoding=\"async\" aria-describedby=\"caption-attachment-87\" class=\"wp-image-87\" src=\"http:\/\/eldritsch.de\/wp-content\/uploads\/2018\/09\/index.jpg\" alt=\"\" width=\"175\" height=\"165\" \/><p id=\"caption-attachment-87\" class=\"wp-caption-text\"><a href=\"https:\/\/www.youtube.com\/playlist?list=PLpLsg8ptwnPiO8ZmGSiX5Nx1z6_NSFqu-\">Kings Quest &#8211; Die Maske der Ewigkeit<\/a><\/p><\/div>\n<div id=\"attachment_84\" style=\"width: 172px\" class=\"wp-caption alignleft\"><img loading=\"lazy\" decoding=\"async\" aria-describedby=\"caption-attachment-84\" class=\"wp-image-84\" src=\"http:\/\/eldritsch.de\/wp-content\/uploads\/2018\/09\/3980_ciAxNjADcGtvaS84.jpg\" alt=\"\" width=\"162\" height=\"204\" \/><p id=\"caption-attachment-84\" class=\"wp-caption-text\"><a href=\"https:\/\/www.youtube.com\/playlist?list=PLpLsg8ptwnPgoiL_FgM9FvvEtkS4LV4Ub\">Technomage<\/a><\/p><\/div>\n<div id=\"attachment_86\" style=\"width: 187px\" class=\"wp-caption alignnone\"><img loading=\"lazy\" decoding=\"async\" aria-describedby=\"caption-attachment-86\" class=\"wp-image-86 \" src=\"http:\/\/eldritsch.de\/wp-content\/uploads\/2018\/09\/Fritzi_Fisch2-208x300.jpg\" alt=\"\" width=\"177\" height=\"256\" srcset=\"http:\/\/eldritsch.de\/wp-content\/uploads\/2018\/09\/Fritzi_Fisch2-208x300.jpg 208w, http:\/\/eldritsch.de\/wp-content\/uploads\/2018\/09\/Fritzi_Fisch2.jpg 270w\" sizes=\"auto, (max-width: 177px) 100vw, 177px\" \/><p id=\"caption-attachment-86\" class=\"wp-caption-text\"><a href=\"https:\/\/www.youtube.com\/playlist?list=PLpLsg8ptwnPh3AqulCf51oxpsGcrGNF8X\">Fritzi Fisch 2<\/a><\/p><\/div>\n","protected":false},"excerpt":{"rendered":"<p>#eldritsch Hier erwartet dich ein Kessel Buntes! St\u00fcmperhafte Let&#8217;s Plays liebevoll stotternd vorgetragen. Hauptaugenmerk: Spiele aus Omis guter alter Zeit, als der Computer noch mit Dinoantrieb lief. Da bleibt mir nur noch eins zu sagen. Bon App\u00e9tit und Prostata! Hier geht&#8217;s zum Kanal Aktuelles Let&#8217;s Play: The Longest Journey The Longest Journey ist eine Adventurereihe&hellip;<\/p>\n","protected":false},"author":2,"featured_media":0,"parent":0,"menu_order":0,"comment_status":"closed","ping_status":"closed","template":"","meta":{"footnotes":""},"class_list":["post-43","page","type-page","status-publish","hentry"],"_links":{"self":[{"href":"http:\/\/eldritsch.de\/index.php?rest_route=\/wp\/v2\/pages\/43","targetHints":{"allow":["GET"]}}],"collection":[{"href":"http:\/\/eldritsch.de\/index.php?rest_route=\/wp\/v2\/pages"}],"about":[{"href":"http:\/\/eldritsch.de\/index.php?rest_route=\/wp\/v2\/types\/page"}],"author":[{"embeddable":true,"href":"http:\/\/eldritsch.de\/index.php?rest_route=\/wp\/v2\/users\/2"}],"replies":[{"embeddable":true,"href":"http:\/\/eldritsch.de\/index.php?rest_route=%2Fwp%2Fv2%2Fcomments&post=43"}],"version-history":[{"count":28,"href":"http:\/\/eldritsch.de\/index.php?rest_route=\/wp\/v2\/pages\/43\/revisions"}],"predecessor-version":[{"id":207,"href":"http:\/\/eldritsch.de\/index.php?rest_route=\/wp\/v2\/pages\/43\/revisions\/207"}],"wp:attachment":[{"href":"http:\/\/eldritsch.de\/index.php?rest_route=%2Fwp%2Fv2%2Fmedia&parent=43"}],"curies":[{"name":"wp","href":"https:\/\/api.w.org\/{rel}","templated":true}]}}